{"id":51,"date":"2026-01-28T18:38:28","date_gmt":"2026-01-28T18:38:28","guid":{"rendered":"http:\/\/www.kotyprezesowej.pl\/?page_id=51"},"modified":"2026-02-23T19:50:41","modified_gmt":"2026-02-23T19:50:41","slug":"adopcje-wirtualne","status":"publish","type":"page","link":"https:\/\/www.kotyprezesowej.pl\/?page_id=51","title":{"rendered":"Adopcje wirtualne"},"content":{"rendered":"\n<div class=\"wp-block-columns is-layout-flex wp-container-core-columns-is-layout-28f84493 wp-block-columns-is-layout-flex\">\n<div class=\"wp-block-column is-layout-flow wp-block-column-is-layout-flow\"><\/div>\n<\/div>\n\n\n\n<p><strong>Nasze koty <\/strong><\/p>\n\n\n\n<div class=\"wp-block-columns is-layout-flex wp-container-core-columns-is-layout-28f84493 wp-block-columns-is-layout-flex\">\n<div class=\"wp-block-column is-layout-flow wp-block-column-is-layout-flow\">\n<figure class=\"wp-block-gallery has-nested-images columns-default is-cropped wp-block-gallery-1 is-layout-flex wp-block-gallery-is-layout-flex\">\n<figure class=\"wp-block-image size-large\"><img loading=\"lazy\" decoding=\"async\" width=\"1024\" height=\"1021\" data-id=\"69\" src=\"https:\/\/www.kotyprezesowej.pl\/wp-content\/uploads\/2026\/02\/01-audi-scaled-e1771874085558-1024x1021.jpg\" alt=\"\" class=\"wp-image-69\" srcset=\"https:\/\/www.kotyprezesowej.pl\/wp-content\/uploads\/2026\/02\/01-audi-scaled-e1771874085558-1024x1021.jpg 1024w, https:\/\/www.kotyprezesowej.pl\/wp-content\/uploads\/2026\/02\/01-audi-scaled-e1771874085558-300x300.jpg 300w, https:\/\/www.kotyprezesowej.pl\/wp-content\/uploads\/2026\/02\/01-audi-scaled-e1771874085558-150x150.jpg 150w, https:\/\/www.kotyprezesowej.pl\/wp-content\/uploads\/2026\/02\/01-audi-scaled-e1771874085558-768x766.jpg 768w, https:\/\/www.kotyprezesowej.pl\/wp-content\/uploads\/2026\/02\/01-audi-scaled-e1771874085558.jpg 1446w\" sizes=\"auto, (max-width: 1024px) 100vw, 1024px\" \/><\/figure>\n<\/figure>\n\n\n\n<h2 class=\"wp-block-heading has-text-align-center\">Audi<\/h2>\n\n\n\n<p class=\"has-text-align-left has-ti-accent-color has-text-color has-link-color has-small-font-size wp-elements-bc34191cdb1e1d73fbae75e74991dba6\" style=\"line-height:1.3\">Audi ma 10 lat i status, kt\u00f3rego nie da si\u0119 podrobi\u0107: <strong>sta\u0142a rezydentka, arystokratka z w\u0142asnym zdaniem i obserwatorka \u015bwiata<\/strong>. Taka, co siedzi, patrzy i \u2014 nie mamy w\u0105tpliwo\u015bci \u2014 <strong>wie o nas wi\u0119cej, ni\u017c my o niej<\/strong>.<\/p>\n\n\n\n<p class=\"has-text-align-left has-small-font-size\" style=\"line-height:1.3\">Na pocz\u0105tku \u017cycia nie by\u0142o jednak ani arystokracji, ani spokoju. By\u0142a stacja benzynowa przy autostradzie, huk samochod\u00f3w i male\u0144ka, przera\u017cona kulka futra pod samochodem marki Audi. Stamt\u0105d jej imi\u0119. Z\u0142apana cudem. Ocalona przypadkiem. Zosta\u0142a \u2014 ju\u017c na zawsze.<\/p>\n\n\n\n<div class=\"wp-block-group is-layout-grid wp-container-core-group-is-layout-478b6e6b wp-block-group-is-layout-grid\">\n<p class=\"has-text-align-left has-small-font-size wp-container-content-69bc4bdf\" style=\"line-height:1.3\">Audi jest zdrowa. Po prostu\u2026 <strong>nie jest kotk\u0105 do adopcji.<\/strong><br>Nie dlatego, \u017ce nie kocha. Kocha \u2014 ale po swojemu. Jest przytulask\u0105 z dystansem, cicha, delikatna, czasem pozwala pomizia\u0107 ucho (co traktujemy jak najwy\u017csze odznaczenie pa\u0144stwowe). Jednak <strong>dobrze czuje si\u0119 tylko tutaj \u2014 u siebie, u nas.<\/strong><\/p>\n\n\n\n<p class=\"has-text-align-left has-small-font-size wp-container-content-69bc4bdf\">I dlatego istnieje wirtualna adopcja.<\/p>\n\n\n\n<p class=\"has-text-align-left has-small-font-size\" style=\"line-height:1.3\">To nie jest gest \u201ena chwil\u0119\u201d. To obietnica spokojnej staro\u015bci. Miski pe\u0142nej, gdy zg\u0142odnieje. Ciep\u0142ego miejsca, gdy chce spa\u0107. Leczenia, je\u015bli kiedy\u015b b\u0119dzie potrzebne. <strong>\u017bycia godnego, bez ha\u0142asu autostrady, bez strachu \u2014 po jejniemu.<\/strong><\/p>\n\n\n\n<p class=\"has-text-align-left has-small-font-size\" style=\"line-height:1.3\">Mo\u017ce gdzie\u015b jest kto\u015b, kto lubi koty.<br>Mo\u017ce kto\u015b lubi samochody.<br>A mo\u017ce kto\u015b po prostu zrozumie Audi.<\/p>\n\n\n\n<p class=\"has-text-align-left has-small-font-size\"><strong>Wirtualna adopcja = jej spok\u00f3j.<\/strong><\/p>\n<\/div>\n\n\n\n<div class=\"wp-block-buttons is-content-justification-center is-layout-flex wp-container-core-buttons-is-layout-a89b3969 wp-block-buttons-is-layout-flex\">\n<div class=\"wp-block-button\"><a class=\"wp-block-button__link has-text-align-center wp-element-button\" href=\"https:\/\/www.ratujemyzwierzaki.pl\/zwierzak\/OWTmOO\">Adoptuj wirtualnie<\/a><\/div>\n<\/div>\n\n\n\n<ul class=\"wp-block-list\"><\/ul>\n<\/div>\n\n\n\n<div class=\"wp-block-column is-layout-flow wp-block-column-is-layout-flow\">\n<figure class=\"wp-block-image aligncenter\"><img loading=\"lazy\" decoding=\"async\" width=\"2252\" height=\"2252\" src=\"https:\/\/www.kotyprezesowej.pl\/wp-content\/uploads\/2026\/02\/20251224_102855-edited-1.jpg\" alt=\"\" class=\"wp-image-71\" srcset=\"https:\/\/www.kotyprezesowej.pl\/wp-content\/uploads\/2026\/02\/20251224_102855-edited-1.jpg 2252w, https:\/\/www.kotyprezesowej.pl\/wp-content\/uploads\/2026\/02\/20251224_102855-edited-1-300x300.jpg 300w, https:\/\/www.kotyprezesowej.pl\/wp-content\/uploads\/2026\/02\/20251224_102855-edited-1-1024x1024.jpg 1024w, https:\/\/www.kotyprezesowej.pl\/wp-content\/uploads\/2026\/02\/20251224_102855-edited-1-150x150.jpg 150w, https:\/\/www.kotyprezesowej.pl\/wp-content\/uploads\/2026\/02\/20251224_102855-edited-1-768x768.jpg 768w, https:\/\/www.kotyprezesowej.pl\/wp-content\/uploads\/2026\/02\/20251224_102855-edited-1-1536x1536.jpg 1536w, https:\/\/www.kotyprezesowej.pl\/wp-content\/uploads\/2026\/02\/20251224_102855-edited-1-2048x2048.jpg 2048w\" sizes=\"auto, (max-width: 2252px) 100vw, 2252px\" \/><\/figure>\n\n\n\n<p><\/p>\n<\/div>\n\n\n\n<div class=\"wp-block-column is-layout-flow wp-block-column-is-layout-flow\">\n<figure class=\"wp-block-gallery has-nested-images columns-default is-cropped wp-block-gallery-2 is-layout-flex wp-block-gallery-is-layout-flex\">\n<figure class=\"wp-block-image size-large\"><img loading=\"lazy\" decoding=\"async\" width=\"1020\" height=\"1024\" data-id=\"72\" src=\"http:\/\/www.kotyprezesowej.pl\/wp-content\/uploads\/2026\/02\/08-geniusz-scaled-e1771874655965-1020x1024.jpg\" alt=\"\" class=\"wp-image-72\" srcset=\"https:\/\/www.kotyprezesowej.pl\/wp-content\/uploads\/2026\/02\/08-geniusz-scaled-e1771874655965-1020x1024.jpg 1020w, https:\/\/www.kotyprezesowej.pl\/wp-content\/uploads\/2026\/02\/08-geniusz-scaled-e1771874655965-300x300.jpg 300w, https:\/\/www.kotyprezesowej.pl\/wp-content\/uploads\/2026\/02\/08-geniusz-scaled-e1771874655965-150x150.jpg 150w, https:\/\/www.kotyprezesowej.pl\/wp-content\/uploads\/2026\/02\/08-geniusz-scaled-e1771874655965-768x771.jpg 768w, https:\/\/www.kotyprezesowej.pl\/wp-content\/uploads\/2026\/02\/08-geniusz-scaled-e1771874655965.jpg 1441w\" sizes=\"auto, (max-width: 1020px) 100vw, 1020px\" \/><\/figure>\n<\/figure>\n\n\n\n<p><\/p>\n<\/div>\n<\/div>\n\n\n\n<div class=\"wp-block-columns is-layout-flex wp-container-core-columns-is-layout-28f84493 wp-block-columns-is-layout-flex\">\n<div class=\"wp-block-column is-layout-flow wp-block-column-is-layout-flow\" style=\"flex-basis:100%\"><\/div>\n<\/div>\n\n\n\n<p><\/p>\n","protected":false},"excerpt":{"rendered":"<p>Nasze koty Audi Audi ma 10 lat i status, kt\u00f3rego nie da si\u0119 podrobi\u0107: sta\u0142a rezydentka, arystokratka z w\u0142asnym zdaniem i obserwatorka \u015bwiata. Taka, co siedzi, patrzy i \u2014 nie mamy w\u0105tpliwo\u015bci \u2014 wie o nas wi\u0119cej, ni\u017c my o niej. Na pocz\u0105tku \u017cycia nie by\u0142o jednak ani arystokracji, ani spokoju. By\u0142a stacja benzynowa przy [&hellip;]<\/p>\n","protected":false},"author":1,"featured_media":12,"parent":0,"menu_order":0,"comment_status":"closed","ping_status":"closed","template":"","meta":{"footnotes":""},"class_list":["post-51","page","type-page","status-publish","has-post-thumbnail","hentry"],"_links":{"self":[{"href":"https:\/\/www.kotyprezesowej.pl\/index.php?rest_route=\/wp\/v2\/pages\/51","targetHints":{"allow":["GET"]}}],"collection":[{"href":"https:\/\/www.kotyprezesowej.pl\/index.php?rest_route=\/wp\/v2\/pages"}],"about":[{"href":"https:\/\/www.kotyprezesowej.pl\/index.php?rest_route=\/wp\/v2\/types\/page"}],"author":[{"embeddable":true,"href":"https:\/\/www.kotyprezesowej.pl\/index.php?rest_route=\/wp\/v2\/users\/1"}],"replies":[{"embeddable":true,"href":"https:\/\/www.kotyprezesowej.pl\/index.php?rest_route=%2Fwp%2Fv2%2Fcomments&post=51"}],"version-history":[{"count":6,"href":"https:\/\/www.kotyprezesowej.pl\/index.php?rest_route=\/wp\/v2\/pages\/51\/revisions"}],"predecessor-version":[{"id":77,"href":"https:\/\/www.kotyprezesowej.pl\/index.php?rest_route=\/wp\/v2\/pages\/51\/revisions\/77"}],"wp:featuredmedia":[{"embeddable":true,"href":"https:\/\/www.kotyprezesowej.pl\/index.php?rest_route=\/wp\/v2\/media\/12"}],"wp:attachment":[{"href":"https:\/\/www.kotyprezesowej.pl\/index.php?rest_route=%2Fwp%2Fv2%2Fmedia&parent=51"}],"curies":[{"name":"wp","href":"https:\/\/api.w.org\/{rel}","templated":true}]}}